{"id":561,"date":"2023-12-11T14:55:53","date_gmt":"2023-12-11T13:55:53","guid":{"rendered":"https:\/\/swadorganic.com\/?post_type=product&#038;p=561"},"modified":"2024-02-10T22:16:17","modified_gmt":"2024-02-10T21:16:17","slug":"savon-soin-surgras-a-la-verveine-100g","status":"publish","type":"product","link":"https:\/\/swadorganic.com\/en\/product\/savon-soin-surgras-a-la-verveine-100g\/","title":{"rendered":"Verbena Surgras Care Soap 100g"},"content":{"rendered":"<h2><strong>Hard Soap<\/strong><\/h2>\n<p>SWAD ORGANIC Hard Soap is a solid bar of body wash formulated to remove dirt, oil and other impurities from the skin. Made from carefully selected oils, this soap undergoes a saponification process to create a solid bar with cleansing properties.<\/p>\n<h3><strong>Composition<\/strong><\/h3>\n<p>Coconut oil, Olive oil, Water, Castor oil, Verbena powder, Verbena essential oil.<\/p>\n<h3><strong>Properties<\/strong><\/h3>\n<p>Moisturizing, nourishing and cleansing. Calming and relaxing.<\/p>","protected":false},"excerpt":{"rendered":"<p>D\u00e9couvrez l&rsquo;exp\u00e9rience in\u00e9gal\u00e9e du Savon Soin Surgras \u00e0 la Verveine. Rafra\u00eechissez vos sens avec la fra\u00eecheur naturelle de la verveine.<\/p>","protected":false},"featured_media":562,"comment_status":"open","ping_status":"closed","template":"","meta":[],"product_brand":[],"product_cat":[81],"product_tag":[73,71,82],"class_list":{"0":"post-561","1":"product","2":"type-product","3":"status-publish","4":"has-post-thumbnail","6":"product_cat-les-savons","7":"product_tag-argan","8":"product_tag-bio","9":"product_tag-savons","10":"product_shipping_class-100ml","12":"first","13":"instock","14":"shipping-taxable","15":"purchasable","16":"product-type-simple"},"_links":{"self":[{"href":"https:\/\/swadorganic.com\/en\/wp-json\/wp\/v2\/product\/561","targetHints":{"allow":["GET"]}}],"collection":[{"href":"https:\/\/swadorganic.com\/en\/wp-json\/wp\/v2\/product"}],"about":[{"href":"https:\/\/swadorganic.com\/en\/wp-json\/wp\/v2\/types\/product"}],"replies":[{"embeddable":true,"href":"https:\/\/swadorganic.com\/en\/wp-json\/wp\/v2\/comments?post=561"}],"version-history":[{"count":3,"href":"https:\/\/swadorganic.com\/en\/wp-json\/wp\/v2\/product\/561\/revisions"}],"predecessor-version":[{"id":695,"href":"https:\/\/swadorganic.com\/en\/wp-json\/wp\/v2\/product\/561\/revisions\/695"}],"wp:featuredmedia":[{"embeddable":true,"href":"https:\/\/swadorganic.com\/en\/wp-json\/wp\/v2\/media\/562"}],"wp:attachment":[{"href":"https:\/\/swadorganic.com\/en\/wp-json\/wp\/v2\/media?parent=561"}],"wp:term":[{"taxonomy":"product_brand","embeddable":true,"href":"https:\/\/swadorganic.com\/en\/wp-json\/wp\/v2\/product_brand?post=561"},{"taxonomy":"product_cat","embeddable":true,"href":"https:\/\/swadorganic.com\/en\/wp-json\/wp\/v2\/product_cat?post=561"},{"taxonomy":"product_tag","embeddable":true,"href":"https:\/\/swadorganic.com\/en\/wp-json\/wp\/v2\/product_tag?post=561"}],"curies":[{"name":"wp","href":"https:\/\/api.w.org\/{rel}","templated":true}]}}