{"id":558,"date":"2023-12-11T14:47:18","date_gmt":"2023-12-11T13:47:18","guid":{"rendered":"https:\/\/swadorganic.com\/?post_type=product&#038;p=558"},"modified":"2024-02-10T22:07:53","modified_gmt":"2024-02-10T21:07:53","slug":"savon-soin-surgras-a-lhuile-dargan-100g","status":"publish","type":"product","link":"https:\/\/swadorganic.com\/en\/product\/savon-soin-surgras-a-lhuile-dargan-100g\/","title":{"rendered":"Surgras Care Soap with argan oil 100g"},"content":{"rendered":"<h2><strong>Hard Soap<\/strong><\/h2>\n<p>SWAD ORGANIC Hard Soap is a solid bar of body wash formulated to remove dirt, oil and other impurities from the skin. Made from carefully selected oils, this soap undergoes a saponification process to create a solid bar with cleansing properties.<\/p>\n<h3><strong>Composition<\/strong><\/h3>\n<p>Coconut oil, Olive oil, Water, Argan oil, Argan meal, Lavender essential oil.<\/p>\n<h3><strong>Properties<\/strong><\/h3>\n<p>Moisturizing, nourishing and cleansing. Calming, relaxing and revitalizing. Softens and purifies the skin.<\/p>","protected":false},"excerpt":{"rendered":"<p>Plongez dans l&rsquo;exp\u00e9rience ultime de soin avec notre Savon Soin Surgras \u00e0 l&rsquo;huile d&rsquo;argan. Offrez \u00e0 votre peau une hydratation luxueuse.<\/p>","protected":false},"featured_media":559,"comment_status":"open","ping_status":"closed","template":"","meta":[],"product_brand":[],"product_cat":[81],"product_tag":[],"class_list":{"0":"post-558","1":"product","2":"type-product","3":"status-publish","4":"has-post-thumbnail","6":"product_cat-les-savons","7":"product_shipping_class-100ml","9":"first","10":"instock","11":"shipping-taxable","12":"purchasable","13":"product-type-simple"},"_links":{"self":[{"href":"https:\/\/swadorganic.com\/en\/wp-json\/wp\/v2\/product\/558","targetHints":{"allow":["GET"]}}],"collection":[{"href":"https:\/\/swadorganic.com\/en\/wp-json\/wp\/v2\/product"}],"about":[{"href":"https:\/\/swadorganic.com\/en\/wp-json\/wp\/v2\/types\/product"}],"replies":[{"embeddable":true,"href":"https:\/\/swadorganic.com\/en\/wp-json\/wp\/v2\/comments?post=558"}],"version-history":[{"count":3,"href":"https:\/\/swadorganic.com\/en\/wp-json\/wp\/v2\/product\/558\/revisions"}],"predecessor-version":[{"id":688,"href":"https:\/\/swadorganic.com\/en\/wp-json\/wp\/v2\/product\/558\/revisions\/688"}],"wp:featuredmedia":[{"embeddable":true,"href":"https:\/\/swadorganic.com\/en\/wp-json\/wp\/v2\/media\/559"}],"wp:attachment":[{"href":"https:\/\/swadorganic.com\/en\/wp-json\/wp\/v2\/media?parent=558"}],"wp:term":[{"taxonomy":"product_brand","embeddable":true,"href":"https:\/\/swadorganic.com\/en\/wp-json\/wp\/v2\/product_brand?post=558"},{"taxonomy":"product_cat","embeddable":true,"href":"https:\/\/swadorganic.com\/en\/wp-json\/wp\/v2\/product_cat?post=558"},{"taxonomy":"product_tag","embeddable":true,"href":"https:\/\/swadorganic.com\/en\/wp-json\/wp\/v2\/product_tag?post=558"}],"curies":[{"name":"wp","href":"https:\/\/api.w.org\/{rel}","templated":true}]}}