{"id":555,"date":"2023-12-11T14:42:01","date_gmt":"2023-12-11T13:42:01","guid":{"rendered":"https:\/\/swadorganic.com\/?post_type=product&#038;p=555"},"modified":"2024-02-10T22:21:03","modified_gmt":"2024-02-10T21:21:03","slug":"savon-soin-surgras-a-lhuile-damande-douce-100g","status":"publish","type":"product","link":"https:\/\/swadorganic.com\/en\/product\/savon-soin-surgras-a-lhuile-damande-douce-100g\/","title":{"rendered":"Surgras Care Soap with Sweet Almond Oil 100g"},"content":{"rendered":"<h2><strong>Hard Soap<\/strong><\/h2>\n<p>SWAD ORGANIC Hard Soap is a solid bar of body wash formulated to remove dirt, oil and other impurities from the skin. Made from carefully selected oils, this soap undergoes a saponification process to create a solid bar with cleansing properties.<\/p>\n<h3><strong>Composition<\/strong><\/h3>\n<p>Coconut oil, Olive oil, Water, Sweet almond oil, Sweet almond meal, Lemongrass essential oil.<\/p>\n<h3><strong>Properties<\/strong><\/h3>\n<p>Moisturizing, nourishing and cleansing. Softens, purifies and relaxes the skin.<\/p>","protected":false},"excerpt":{"rendered":"<p>Savon Surgras \u00e0 l&rsquo;Huile d&rsquo;Amande Douce est \u00e9labor\u00e9 \u00e0 partir d&rsquo;huiles v\u00e9g\u00e9tales. Impr\u00e9gn\u00e9 de glyc\u00e9rine, il \u00e9limine les bact\u00e9ries et purifie d\u00e9licatement votre peau, lui conf\u00e9rant une souplesse quotidienne.<\/p>","protected":false},"featured_media":556,"comment_status":"open","ping_status":"closed","template":"","meta":[],"product_brand":[],"product_cat":[81],"product_tag":[],"class_list":{"0":"post-555","1":"product","2":"type-product","3":"status-publish","4":"has-post-thumbnail","6":"product_cat-les-savons","7":"product_shipping_class-100ml","9":"first","10":"instock","11":"shipping-taxable","12":"purchasable","13":"product-type-simple"},"_links":{"self":[{"href":"https:\/\/swadorganic.com\/en\/wp-json\/wp\/v2\/product\/555","targetHints":{"allow":["GET"]}}],"collection":[{"href":"https:\/\/swadorganic.com\/en\/wp-json\/wp\/v2\/product"}],"about":[{"href":"https:\/\/swadorganic.com\/en\/wp-json\/wp\/v2\/types\/product"}],"replies":[{"embeddable":true,"href":"https:\/\/swadorganic.com\/en\/wp-json\/wp\/v2\/comments?post=555"}],"version-history":[{"count":6,"href":"https:\/\/swadorganic.com\/en\/wp-json\/wp\/v2\/product\/555\/revisions"}],"predecessor-version":[{"id":697,"href":"https:\/\/swadorganic.com\/en\/wp-json\/wp\/v2\/product\/555\/revisions\/697"}],"wp:featuredmedia":[{"embeddable":true,"href":"https:\/\/swadorganic.com\/en\/wp-json\/wp\/v2\/media\/556"}],"wp:attachment":[{"href":"https:\/\/swadorganic.com\/en\/wp-json\/wp\/v2\/media?parent=555"}],"wp:term":[{"taxonomy":"product_brand","embeddable":true,"href":"https:\/\/swadorganic.com\/en\/wp-json\/wp\/v2\/product_brand?post=555"},{"taxonomy":"product_cat","embeddable":true,"href":"https:\/\/swadorganic.com\/en\/wp-json\/wp\/v2\/product_cat?post=555"},{"taxonomy":"product_tag","embeddable":true,"href":"https:\/\/swadorganic.com\/en\/wp-json\/wp\/v2\/product_tag?post=555"}],"curies":[{"name":"wp","href":"https:\/\/api.w.org\/{rel}","templated":true}]}}