{"id":552,"date":"2023-12-11T14:34:15","date_gmt":"2023-12-11T13:34:15","guid":{"rendered":"https:\/\/swadorganic.com\/?post_type=product&#038;p=552"},"modified":"2024-02-10T22:24:54","modified_gmt":"2024-02-10T21:24:54","slug":"savon-soin-surgras-a-la-cannelle-100g","status":"publish","type":"product","link":"https:\/\/swadorganic.com\/en\/product\/savon-soin-surgras-a-la-cannelle-100g\/","title":{"rendered":"Cinnamon Surgras Care Soap 100g"},"content":{"rendered":"<div class=\"section the_content has_content\">\n<div class=\"section_wrapper\">\n<div class=\"the_content_wrapper\">\n<h2><strong>Hard Soap<\/strong><\/h2>\n<p>SWAD ORGANIC Hard Soap is a solid bar of body wash formulated to remove dirt, oil and other impurities from the skin. Made from carefully selected oils, this soap undergoes a saponification process to create a solid bar with cleansing properties.<\/p>\n<h3><strong>Composition<\/strong><\/h3>\n<p>Coconut oil, Olive oil, Water, Nigella oil, Cinnamon powder.<\/p>\n<h3><strong>Properties<\/strong><\/h3>\n<p>Purifying and cleansing. Anti blackheads and enlarged pores. Anti acne, helps regulate excess sebum.<\/p>\n<\/div>\n<\/div>\n<\/div>","protected":false},"excerpt":{"rendered":"<div class=\"react-scroll-to-bottom--css-syqqa-1n7m0yu\">\n<div class=\"flex flex-col pb-9 text-sm\">\n<div class=\"w-full text-token-text-primary sm:AIPRM__conversation__response\" data-testid=\"conversation-turn-3\">\n<div class=\"px-4 py-2 justify-center text-base md:gap-6 m-auto\">\n<div class=\"flex flex-1 text-base mx-auto gap-3 md:px-5 lg:px-1 xl:px-5 md:max-w-3xl lg:max-w-[40rem] xl:max-w-[48rem] } group final-completion\">\n<div class=\"relative flex w-full flex-col lg:w-[calc(100%-115px)] agent-turn\">\n<div class=\"flex-col gap-1 md:gap-3\">\n<div class=\"flex flex-grow flex-col max-w-full\">\n<div class=\"min-h-[20px] text-message flex flex-col items-start gap-3 whitespace-pre-wrap break-words [.text-message+&amp;]:mt-5 overflow-x-auto\" data-message-author-role=\"assistant\" data-message-id=\"c37b8b9a-e82e-4090-862a-f7b4627a32f2\">\n<div class=\"markdown prose w-full break-words dark:prose-invert light AIPRM__conversation__response\">\n<p>D\u00e9couvrez le secret d&rsquo;une peau \u00e9clatante avec notre Savon Soin Surgras \u00e0 la Cannelle. Plongez dans une exp\u00e9rience sensorielle exquise, alliant les bienfaits de la cannelle \u00e0 la douceur surgras. Achetez maintenant pour une peau nourrie, \u00e9clatante et revitalis\u00e9e.<\/p>\n<\/div>\n<\/div>\n<\/div>\n<\/div>\n<\/div>\n<\/div>\n<\/div>\n<\/div>\n<\/div>\n<\/div>","protected":false},"featured_media":553,"comment_status":"open","ping_status":"closed","template":"","meta":[],"product_brand":[],"product_cat":[81],"product_tag":[],"class_list":{"0":"post-552","1":"product","2":"type-product","3":"status-publish","4":"has-post-thumbnail","6":"product_cat-les-savons","7":"product_shipping_class-100ml","9":"first","10":"instock","11":"shipping-taxable","12":"purchasable","13":"product-type-simple"},"_links":{"self":[{"href":"https:\/\/swadorganic.com\/en\/wp-json\/wp\/v2\/product\/552","targetHints":{"allow":["GET"]}}],"collection":[{"href":"https:\/\/swadorganic.com\/en\/wp-json\/wp\/v2\/product"}],"about":[{"href":"https:\/\/swadorganic.com\/en\/wp-json\/wp\/v2\/types\/product"}],"replies":[{"embeddable":true,"href":"https:\/\/swadorganic.com\/en\/wp-json\/wp\/v2\/comments?post=552"}],"version-history":[{"count":3,"href":"https:\/\/swadorganic.com\/en\/wp-json\/wp\/v2\/product\/552\/revisions"}],"predecessor-version":[{"id":699,"href":"https:\/\/swadorganic.com\/en\/wp-json\/wp\/v2\/product\/552\/revisions\/699"}],"wp:featuredmedia":[{"embeddable":true,"href":"https:\/\/swadorganic.com\/en\/wp-json\/wp\/v2\/media\/553"}],"wp:attachment":[{"href":"https:\/\/swadorganic.com\/en\/wp-json\/wp\/v2\/media?parent=552"}],"wp:term":[{"taxonomy":"product_brand","embeddable":true,"href":"https:\/\/swadorganic.com\/en\/wp-json\/wp\/v2\/product_brand?post=552"},{"taxonomy":"product_cat","embeddable":true,"href":"https:\/\/swadorganic.com\/en\/wp-json\/wp\/v2\/product_cat?post=552"},{"taxonomy":"product_tag","embeddable":true,"href":"https:\/\/swadorganic.com\/en\/wp-json\/wp\/v2\/product_tag?post=552"}],"curies":[{"name":"wp","href":"https:\/\/api.w.org\/{rel}","templated":true}]}}