{"id":497,"date":"2024-01-11T11:44:27","date_gmt":"2024-01-11T10:44:27","guid":{"rendered":"https:\/\/swadorganic.com\/?post_type=product&#038;p=497"},"modified":"2024-02-12T15:11:37","modified_gmt":"2024-02-12T14:11:37","slug":"creme-du-jour-50ml","status":"publish","type":"product","link":"https:\/\/swadorganic.com\/en\/product\/cream-of-the-day-50ml\/","title":{"rendered":"Day cream 50ml"},"content":{"rendered":"<h2><strong>Description<\/strong><\/h2>\n<p>Moisturizing Day Cream is a light and nourishing formula designed to provide<br \/>\nbalanced hydration and daily protection to the skin. Enriched with carefully selected ingredients, this cream promotes soft, supple and radiant skin throughout the day.<\/p>\n<h3><strong>Use<\/strong><\/h3>\n<p>1 to 2 times a day, apply to your previously cleansed face.<\/p>","protected":false},"excerpt":{"rendered":"<div class=\"react-scroll-to-bottom--css-twtpk-1n7m0yu\">\n<div class=\"flex flex-col pb-9 text-sm\">\n<div class=\"w-full text-token-text-primary sm:AIPRM__conversation__response\" data-testid=\"conversation-turn-3\">\n<div class=\"px-4 py-2 justify-center text-base md:gap-6 m-auto\">\n<div class=\"flex flex-1 text-base mx-auto gap-3 md:px-5 lg:px-1 xl:px-5 md:max-w-3xl lg:max-w-[40rem] xl:max-w-[48rem] } group final-completion\">\n<div class=\"relative flex w-full flex-col lg:w-[calc(100%-115px)] agent-turn\">\n<div class=\"flex-col gap-1 md:gap-3\">\n<div class=\"flex flex-grow flex-col max-w-full\">\n<div class=\"min-h-[20px] text-message flex flex-col items-start gap-3 whitespace-pre-wrap break-words [.text-message+&amp;]:mt-5 overflow-x-auto\" data-message-author-role=\"assistant\" data-message-id=\"25a9620b-2c51-4376-a396-e3b95ad69d1b\">\n<div class=\"markdown prose w-full break-words dark:prose-invert light AIPRM__conversation__response\">\n<p>D\u00e9couvrez l&rsquo;essence de beaut\u00e9 quotidienne avec notre Cr\u00e8me du Jour 50ml. Plongez dans une hydratation profonde, un \u00e9clat radieux et la lutte anti-\u00e2ge naturelle. Transformez votre peau et red\u00e9couvrez la jeunesse \u00e9ternelle avec notre formule unique.<\/p>\n<\/div>\n<\/div>\n<\/div>\n<\/div>\n<\/div>\n<\/div>\n<\/div>\n<\/div>\n<\/div>\n<\/div>","protected":false},"featured_media":502,"comment_status":"open","ping_status":"closed","template":"","meta":[],"product_brand":[],"product_cat":[75],"product_tag":[73,71],"class_list":{"0":"post-497","1":"product","2":"type-product","3":"status-publish","4":"has-post-thumbnail","6":"product_cat-creme","7":"product_tag-argan","8":"product_tag-bio","9":"product_shipping_class-50ml","11":"first","12":"instock","13":"shipping-taxable","14":"purchasable","15":"product-type-simple"},"_links":{"self":[{"href":"https:\/\/swadorganic.com\/en\/wp-json\/wp\/v2\/product\/497","targetHints":{"allow":["GET"]}}],"collection":[{"href":"https:\/\/swadorganic.com\/en\/wp-json\/wp\/v2\/product"}],"about":[{"href":"https:\/\/swadorganic.com\/en\/wp-json\/wp\/v2\/types\/product"}],"replies":[{"embeddable":true,"href":"https:\/\/swadorganic.com\/en\/wp-json\/wp\/v2\/comments?post=497"}],"version-history":[{"count":3,"href":"https:\/\/swadorganic.com\/en\/wp-json\/wp\/v2\/product\/497\/revisions"}],"predecessor-version":[{"id":663,"href":"https:\/\/swadorganic.com\/en\/wp-json\/wp\/v2\/product\/497\/revisions\/663"}],"wp:featuredmedia":[{"embeddable":true,"href":"https:\/\/swadorganic.com\/en\/wp-json\/wp\/v2\/media\/502"}],"wp:attachment":[{"href":"https:\/\/swadorganic.com\/en\/wp-json\/wp\/v2\/media?parent=497"}],"wp:term":[{"taxonomy":"product_brand","embeddable":true,"href":"https:\/\/swadorganic.com\/en\/wp-json\/wp\/v2\/product_brand?post=497"},{"taxonomy":"product_cat","embeddable":true,"href":"https:\/\/swadorganic.com\/en\/wp-json\/wp\/v2\/product_cat?post=497"},{"taxonomy":"product_tag","embeddable":true,"href":"https:\/\/swadorganic.com\/en\/wp-json\/wp\/v2\/product_tag?post=497"}],"curies":[{"name":"wp","href":"https:\/\/api.w.org\/{rel}","templated":true}]}}