{"id":219,"date":"2024-01-11T12:05:53","date_gmt":"2024-01-11T11:05:53","guid":{"rendered":"https:\/\/swadorganic.com\/?post_type=product&#038;p=219"},"modified":"2024-02-12T15:08:03","modified_gmt":"2024-02-12T14:08:03","slug":"huile-de-massage-chauffante-50ml","status":"publish","type":"product","link":"https:\/\/swadorganic.com\/en\/product\/warming-massage-oil-50ml\/","title":{"rendered":"Heating Massage Oil 50ml"},"content":{"rendered":"<h3>Heating Massage Oil<\/h3>\n<p><strong>Heating massage oil<\/strong> is a formula specially designed to provide a calming and calming sensory experience. Enriched with ingredients selected for their warming effect, this massage oil creates a sensation of comforting warmth, ideal for relaxing tired muscles and promoting relaxation.<\/p>\n<h4>Components<\/h4>\n<p>\u2013 Argane Oil (Argania spinosa)<br \/>\n\u2013 Sweet Almond Oil (Prunus dulcis)<br \/>\n\u2013 Black Seed Oil (Nigella sativa)<br \/>\n\u2013 Eucalyptus essential oil (Eucalyptus globulus)<br \/>\n\u2013 Lemon essential oil (Citrus limonum)<br \/>\n\u2013 Wintergreen essential oil (Gaultheria procumbens)<\/p>\n<h4>Use<\/h4>\n<p>Apply the Oil to the areas to be heated and massage gently using circular movements to make it penetrate.<\/p>","protected":false},"excerpt":{"rendered":"<p>Huile de Massage Chauffante \u00e0 base d&rsquo;argan, soigneusement cr\u00e9\u00e9e par la prestigieuse marque Swadorganic.<\/p>","protected":false},"featured_media":496,"comment_status":"open","ping_status":"closed","template":"","meta":[],"product_brand":[],"product_cat":[19],"product_tag":[62,64,22],"class_list":{"0":"post-219","1":"product","2":"type-product","3":"status-publish","4":"has-post-thumbnail","6":"product_cat-argan-aromatisee","7":"product_tag-100-naturelle","8":"product_tag-cosmetiques","9":"product_tag-organic","10":"product_shipping_class-50ml","12":"first","13":"instock","14":"shipping-taxable","15":"purchasable","16":"product-type-simple"},"_links":{"self":[{"href":"https:\/\/swadorganic.com\/en\/wp-json\/wp\/v2\/product\/219","targetHints":{"allow":["GET"]}}],"collection":[{"href":"https:\/\/swadorganic.com\/en\/wp-json\/wp\/v2\/product"}],"about":[{"href":"https:\/\/swadorganic.com\/en\/wp-json\/wp\/v2\/types\/product"}],"replies":[{"embeddable":true,"href":"https:\/\/swadorganic.com\/en\/wp-json\/wp\/v2\/comments?post=219"}],"version-history":[{"count":4,"href":"https:\/\/swadorganic.com\/en\/wp-json\/wp\/v2\/product\/219\/revisions"}],"predecessor-version":[{"id":666,"href":"https:\/\/swadorganic.com\/en\/wp-json\/wp\/v2\/product\/219\/revisions\/666"}],"wp:featuredmedia":[{"embeddable":true,"href":"https:\/\/swadorganic.com\/en\/wp-json\/wp\/v2\/media\/496"}],"wp:attachment":[{"href":"https:\/\/swadorganic.com\/en\/wp-json\/wp\/v2\/media?parent=219"}],"wp:term":[{"taxonomy":"product_brand","embeddable":true,"href":"https:\/\/swadorganic.com\/en\/wp-json\/wp\/v2\/product_brand?post=219"},{"taxonomy":"product_cat","embeddable":true,"href":"https:\/\/swadorganic.com\/en\/wp-json\/wp\/v2\/product_cat?post=219"},{"taxonomy":"product_tag","embeddable":true,"href":"https:\/\/swadorganic.com\/en\/wp-json\/wp\/v2\/product_tag?post=219"}],"curies":[{"name":"wp","href":"https:\/\/api.w.org\/{rel}","templated":true}]}}