{"id":175,"date":"2024-01-11T12:08:01","date_gmt":"2024-01-11T11:08:01","guid":{"rendered":"https:\/\/swadorganic.com\/?post_type=product&#038;p=175"},"modified":"2024-02-10T19:36:07","modified_gmt":"2024-02-10T18:36:07","slug":"huile-dargan-a-lhibiscus-50ml","status":"publish","type":"product","link":"https:\/\/swadorganic.com\/en\/product\/dargan-oil-with-hibiscus-50ml\/","title":{"rendered":"Argan oil with hibiscus 50ml"},"content":{"rendered":"<h2><strong>Flavored Argan Oils<\/strong><\/h2>\n<p>Flavored argan oil is a variation of classic argan oil to which aromatic extracts are added to give a particular fragrance. Argan oil itself is extracted from the nuts of the argan tree, a tree that grows primarily in Morocco. It is recognized for its many beneficial properties for the skin, hair and general health.<\/p>\n<p>It is recommended to choose flavored argan oil products from reliable and quality sources to ensure the effectiveness of the mentioned benefits. People with sensitive skin should perform a skin test first.<\/p>\n<h3><strong>Hibiscus<\/strong><\/h3>\n<p>\u2013 Help stimulate cell regeneration, thus promoting a luminous and youthful complexion.<br \/>\n\u2013 Provide effective protection against free radicals, helping to prevent damage caused by environmental factors.<br \/>\n\u2013 Hibiscus-flavored argan oil can soothe skin irritations, reduce redness and provide long-lasting hydration, especially beneficial for dry or dehydrated skin.<\/p>","protected":false},"excerpt":{"rendered":"<p>L&rsquo;huile d&rsquo;argan aromatis\u00e9e est une variante de l&rsquo;huile d&rsquo;argan classique \u00e0 laquelle des extraits aromatiques ajout\u00e9s pour donner une fragrance particuli\u00e8re<\/p>","protected":false},"featured_media":491,"comment_status":"open","ping_status":"closed","template":"","meta":[],"product_brand":[],"product_cat":[19],"product_tag":[62],"class_list":{"0":"post-175","1":"product","2":"type-product","3":"status-publish","4":"has-post-thumbnail","6":"product_cat-argan-aromatisee","7":"product_tag-100-naturelle","8":"product_shipping_class-50ml","10":"first","11":"instock","12":"shipping-taxable","13":"purchasable","14":"product-type-simple"},"_links":{"self":[{"href":"https:\/\/swadorganic.com\/en\/wp-json\/wp\/v2\/product\/175","targetHints":{"allow":["GET"]}}],"collection":[{"href":"https:\/\/swadorganic.com\/en\/wp-json\/wp\/v2\/product"}],"about":[{"href":"https:\/\/swadorganic.com\/en\/wp-json\/wp\/v2\/types\/product"}],"replies":[{"embeddable":true,"href":"https:\/\/swadorganic.com\/en\/wp-json\/wp\/v2\/comments?post=175"}],"version-history":[{"count":3,"href":"https:\/\/swadorganic.com\/en\/wp-json\/wp\/v2\/product\/175\/revisions"}],"predecessor-version":[{"id":669,"href":"https:\/\/swadorganic.com\/en\/wp-json\/wp\/v2\/product\/175\/revisions\/669"}],"wp:featuredmedia":[{"embeddable":true,"href":"https:\/\/swadorganic.com\/en\/wp-json\/wp\/v2\/media\/491"}],"wp:attachment":[{"href":"https:\/\/swadorganic.com\/en\/wp-json\/wp\/v2\/media?parent=175"}],"wp:term":[{"taxonomy":"product_brand","embeddable":true,"href":"https:\/\/swadorganic.com\/en\/wp-json\/wp\/v2\/product_brand?post=175"},{"taxonomy":"product_cat","embeddable":true,"href":"https:\/\/swadorganic.com\/en\/wp-json\/wp\/v2\/product_cat?post=175"},{"taxonomy":"product_tag","embeddable":true,"href":"https:\/\/swadorganic.com\/en\/wp-json\/wp\/v2\/product_tag?post=175"}],"curies":[{"name":"wp","href":"https:\/\/api.w.org\/{rel}","templated":true}]}}